{"id":29,"date":"2020-12-25T17:06:35","date_gmt":"2020-12-25T16:06:35","guid":{"rendered":"https:\/\/wordpress.destination-montagne.ch\/colibri-wp\/"},"modified":"2023-09-18T17:35:57","modified_gmt":"2023-09-18T15:35:57","slug":"colibri-wp","status":"publish","type":"page","link":"https:\/\/staging.destination-montagne.ch\/de\/","title":{"rendered":"Front Page"},"content":{"rendered":"\t\t<div data-elementor-type=\"wp-page\" data-elementor-id=\"29\" class=\"elementor elementor-29\" data-elementor-post-type=\"page\">\n\t\t\t\t\t\t<section data-particle_enable=\"false\" data-particle-mobile-disabled=\"false\" class=\"elementor-section elementor-top-section elementor-element elementor-element-5fff3c1a elementor-section-boxed elementor-section-height-default elementor-section-height-default\" data-id=\"5fff3c1a\" data-element_type=\"section\">\n\t\t\t\t\t\t<div class=\"elementor-container elementor-column-gap-default\">\n\t\t\t\t\t<div class=\"elementor-column elementor-col-100 elementor-top-column elementor-element elementor-element-14307118\" data-id=\"14307118\" data-element_type=\"column\">\n\t\t\t<div class=\"elementor-widget-wrap elementor-element-populated\">\n\t\t\t\t\t\t<div class=\"elementor-element elementor-element-7030b525 elementor-widget elementor-widget-text-editor\" data-id=\"7030b525\" data-element_type=\"widget\" data-widget_type=\"text-editor.default\">\n\t\t\t\t<div class=\"elementor-widget-container\">\n\t\t\t\t\t\t\t\t\t\n<p style=\"font-size: 30px;\">Depuis 1996<\/p>\n\n<p>Bienvenue sur notre site proposant des destinations de randonn\u00e9es et trekkings en montagne dans les Alpes de Suisse d&#8217;Italie et de France. En hiver, nous organisons des sorties en raquettes \u00e0 neige et des sorties au clair de lune.<\/p>\n\n<p>Nous proposons aussi des randonn\u00e9es sur mesure destin\u00e9es \u00e0 des groupes compos\u00e9s (entreprises, collectivit\u00e9s, clubs,\u2026 ). N\u2019h\u00e9sitez pas \u00e0 nous contacter pour nous demander une offre.<\/p>\n\t\t\t\t\t\t\t\t<\/div>\n\t\t\t\t<\/div>\n\t\t\t\t\t<\/div>\n\t\t<\/div>\n\t\t\t\t\t<\/div>\n\t\t<\/section>\n\t\t\t\t<\/div>\n\t\t","protected":false},"excerpt":{"rendered":"<p>Seit 1996 Willkommen auf unserer Website f\u00fcr Bergwanderungen und Wanderungen in den Alpen der Schweiz, Italiens und Frankreichs anbietet. Im Winter organisieren wir Schneeschuh- und Vollmondtouren. Wir bieten auch massgeschneiderte Wanderungen f\u00fcr Gruppen (Unternehmen, Gemeinden, Vereine usw.) an. Bitte z\u00f6gern Sie nicht, uns zu kontaktieren, um ein Angebot anzufordern.<\/p>\n","protected":false},"author":1,"featured_media":0,"parent":0,"menu_order":0,"comment_status":"closed","ping_status":"closed","template":"","meta":{"footnotes":"","_wp_rev_ctl_limit":""},"class_list":["post-29","page","type-page","status-publish","hentry"],"yoast_head":"<!-- This site is optimized with the Yoast SEO plugin v26.6 - https:\/\/yoast.com\/wordpress\/plugins\/seo\/ -->\n<title>Front Page - Destination Montagne<\/title>\n<meta name=\"robots\" content=\"index, follow, max-snippet:-1, max-image-preview:large, max-video-preview:-1\" \/>\n<link rel=\"canonical\" href=\"https:\/\/staging.destination-montagne.ch\/de\/\" \/>\n<meta property=\"og:locale\" content=\"de_DE\" \/>\n<meta property=\"og:type\" content=\"article\" \/>\n<meta property=\"og:title\" content=\"Front Page - Destination Montagne\" \/>\n<meta property=\"og:description\" content=\"Seit 1996 Willkommen auf unserer Website f\u00fcr Bergwanderungen und Wanderungen in den Alpen der Schweiz, Italiens und Frankreichs anbietet. Im Winter organisieren wir Schneeschuh- und Vollmondtouren. Wir bieten auch massgeschneiderte Wanderungen f\u00fcr Gruppen (Unternehmen, Gemeinden, Vereine usw.) an. Bitte z\u00f6gern Sie nicht, uns zu kontaktieren, um ein Angebot anzufordern.\" \/>\n<meta property=\"og:url\" content=\"https:\/\/staging.destination-montagne.ch\/de\/\" \/>\n<meta property=\"og:site_name\" content=\"Destination Montagne\" \/>\n<meta property=\"article:publisher\" content=\"https:\/\/www.facebook.com\/profile.php?id=100063566772661\" \/>\n<meta property=\"article:modified_time\" content=\"2023-09-18T15:35:57+00:00\" \/>\n<meta name=\"twitter:card\" content=\"summary_large_image\" \/>\n<meta name=\"twitter:label1\" content=\"Gesch\u00e4tzte Lesezeit\" \/>\n\t<meta name=\"twitter:data1\" content=\"1\u00a0Minute\" \/>\n<script type=\"application\/ld+json\" class=\"yoast-schema-graph\">{\"@context\":\"https:\/\/schema.org\",\"@graph\":[{\"@type\":\"WebPage\",\"@id\":\"https:\/\/staging.destination-montagne.ch\/de\/\",\"url\":\"https:\/\/staging.destination-montagne.ch\/de\/\",\"name\":\"Front Page - Destination Montagne\",\"isPartOf\":{\"@id\":\"https:\/\/staging.destination-montagne.ch\/de\/#website\"},\"datePublished\":\"2020-12-25T16:06:35+00:00\",\"dateModified\":\"2023-09-18T15:35:57+00:00\",\"breadcrumb\":{\"@id\":\"https:\/\/staging.destination-montagne.ch\/de\/#breadcrumb\"},\"inLanguage\":\"de\",\"potentialAction\":[{\"@type\":\"ReadAction\",\"target\":[[\"https:\/\/staging.destination-montagne.ch\/de\/\"]]}]},{\"@type\":\"BreadcrumbList\",\"@id\":\"https:\/\/staging.destination-montagne.ch\/de\/#breadcrumb\",\"itemListElement\":[{\"@type\":\"ListItem\",\"position\":1,\"name\":\"Accueil\",\"item\":\"https:\/\/staging.destination-montagne.ch\/de\/\"},{\"@type\":\"ListItem\",\"position\":2,\"name\":\"Front Page\"}]},{\"@type\":\"WebSite\",\"@id\":\"https:\/\/staging.destination-montagne.ch\/de\/#website\",\"url\":\"https:\/\/staging.destination-montagne.ch\/de\/\",\"name\":\"Destination Montagne\",\"description\":\"Destination Montagne - Un monde de randonn\u00e9e\",\"publisher\":{\"@id\":\"https:\/\/staging.destination-montagne.ch\/de\/#organization\"},\"potentialAction\":[{\"@type\":\"SearchAction\",\"target\":{\"@type\":\"EntryPoint\",\"urlTemplate\":\"https:\/\/staging.destination-montagne.ch\/de\/?s={search_term_string}\"},\"query-input\":{\"@type\":\"PropertyValueSpecification\",\"valueRequired\":true,\"valueName\":\"search_term_string\"}}],\"inLanguage\":\"de\"},{\"@type\":\"Organization\",\"@id\":\"https:\/\/staging.destination-montagne.ch\/de\/#organization\",\"name\":\"Destination Montagne\",\"url\":\"https:\/\/staging.destination-montagne.ch\/de\/\",\"logo\":{\"@type\":\"ImageObject\",\"inLanguage\":\"de\",\"@id\":\"https:\/\/staging.destination-montagne.ch\/de\/#\/schema\/logo\/image\/\",\"url\":\"http:\/\/destination-montagne.ch\/wp-content\/uploads\/2024\/06\/400JpgdpiLogo-scaled.jpg\",\"contentUrl\":\"http:\/\/destination-montagne.ch\/wp-content\/uploads\/2024\/06\/400JpgdpiLogo-scaled.jpg\",\"width\":2560,\"height\":1546,\"caption\":\"Destination Montagne\"},\"image\":{\"@id\":\"https:\/\/staging.destination-montagne.ch\/de\/#\/schema\/logo\/image\/\"},\"sameAs\":[\"https:\/\/www.facebook.com\/profile.php?id=100063566772661\"]}]}<\/script>\n<!-- \/ Yoast SEO plugin. -->","yoast_head_json":{"title":"Front Page - Destination Montagne","robots":{"index":"index","follow":"follow","max-snippet":"max-snippet:-1","max-image-preview":"max-image-preview:large","max-video-preview":"max-video-preview:-1"},"canonical":"https:\/\/staging.destination-montagne.ch\/de\/","og_locale":"de_DE","og_type":"article","og_title":"Front Page - Destination Montagne","og_description":"Seit 1996 Willkommen auf unserer Website f\u00fcr Bergwanderungen und Wanderungen in den Alpen der Schweiz, Italiens und Frankreichs anbietet. Im Winter organisieren wir Schneeschuh- und Vollmondtouren. Wir bieten auch massgeschneiderte Wanderungen f\u00fcr Gruppen (Unternehmen, Gemeinden, Vereine usw.) an. Bitte z\u00f6gern Sie nicht, uns zu kontaktieren, um ein Angebot anzufordern.","og_url":"https:\/\/staging.destination-montagne.ch\/de\/","og_site_name":"Destination Montagne","article_publisher":"https:\/\/www.facebook.com\/profile.php?id=100063566772661","article_modified_time":"2023-09-18T15:35:57+00:00","twitter_card":"summary_large_image","twitter_misc":{"Gesch\u00e4tzte Lesezeit":"1\u00a0Minute"},"schema":{"@context":"https:\/\/schema.org","@graph":[{"@type":"WebPage","@id":"https:\/\/staging.destination-montagne.ch\/de\/","url":"https:\/\/staging.destination-montagne.ch\/de\/","name":"Front Page - Destination Montagne","isPartOf":{"@id":"https:\/\/staging.destination-montagne.ch\/de\/#website"},"datePublished":"2020-12-25T16:06:35+00:00","dateModified":"2023-09-18T15:35:57+00:00","breadcrumb":{"@id":"https:\/\/staging.destination-montagne.ch\/de\/#breadcrumb"},"inLanguage":"de","potentialAction":[{"@type":"ReadAction","target":[["https:\/\/staging.destination-montagne.ch\/de\/"]]}]},{"@type":"BreadcrumbList","@id":"https:\/\/staging.destination-montagne.ch\/de\/#breadcrumb","itemListElement":[{"@type":"ListItem","position":1,"name":"Accueil","item":"https:\/\/staging.destination-montagne.ch\/de\/"},{"@type":"ListItem","position":2,"name":"Front Page"}]},{"@type":"WebSite","@id":"https:\/\/staging.destination-montagne.ch\/de\/#website","url":"https:\/\/staging.destination-montagne.ch\/de\/","name":"Destination Montagne","description":"Destination Montagne - Un monde de randonn\u00e9e","publisher":{"@id":"https:\/\/staging.destination-montagne.ch\/de\/#organization"},"potentialAction":[{"@type":"SearchAction","target":{"@type":"EntryPoint","urlTemplate":"https:\/\/staging.destination-montagne.ch\/de\/?s={search_term_string}"},"query-input":{"@type":"PropertyValueSpecification","valueRequired":true,"valueName":"search_term_string"}}],"inLanguage":"de"},{"@type":"Organization","@id":"https:\/\/staging.destination-montagne.ch\/de\/#organization","name":"Destination Montagne","url":"https:\/\/staging.destination-montagne.ch\/de\/","logo":{"@type":"ImageObject","inLanguage":"de","@id":"https:\/\/staging.destination-montagne.ch\/de\/#\/schema\/logo\/image\/","url":"http:\/\/destination-montagne.ch\/wp-content\/uploads\/2024\/06\/400JpgdpiLogo-scaled.jpg","contentUrl":"http:\/\/destination-montagne.ch\/wp-content\/uploads\/2024\/06\/400JpgdpiLogo-scaled.jpg","width":2560,"height":1546,"caption":"Destination Montagne"},"image":{"@id":"https:\/\/staging.destination-montagne.ch\/de\/#\/schema\/logo\/image\/"},"sameAs":["https:\/\/www.facebook.com\/profile.php?id=100063566772661"]}]}},"_links":{"self":[{"href":"https:\/\/staging.destination-montagne.ch\/de\/wp-json\/wp\/v2\/pages\/29","targetHints":{"allow":["GET"]}}],"collection":[{"href":"https:\/\/staging.destination-montagne.ch\/de\/wp-json\/wp\/v2\/pages"}],"about":[{"href":"https:\/\/staging.destination-montagne.ch\/de\/wp-json\/wp\/v2\/types\/page"}],"author":[{"embeddable":true,"href":"https:\/\/staging.destination-montagne.ch\/de\/wp-json\/wp\/v2\/users\/1"}],"replies":[{"embeddable":true,"href":"https:\/\/staging.destination-montagne.ch\/de\/wp-json\/wp\/v2\/comments?post=29"}],"version-history":[{"count":0,"href":"https:\/\/staging.destination-montagne.ch\/de\/wp-json\/wp\/v2\/pages\/29\/revisions"}],"wp:attachment":[{"href":"https:\/\/staging.destination-montagne.ch\/de\/wp-json\/wp\/v2\/media?parent=29"}],"curies":[{"name":"wp","href":"https:\/\/api.w.org\/{rel}","templated":true}]}}