{"id":3003,"date":"2021-05-01T14:36:18","date_gmt":"2021-05-01T12:36:18","guid":{"rendered":"https:\/\/wordpress.destination-montagne.ch\/?page_id=3003"},"modified":"2021-05-01T15:13:00","modified_gmt":"2021-05-01T13:13:00","slug":"cgv","status":"publish","type":"page","link":"https:\/\/staging.destination-montagne.ch\/de\/cgv\/","title":{"rendered":"AGB"},"content":{"rendered":"\t\t<div data-elementor-type=\"wp-page\" data-elementor-id=\"3003\" class=\"elementor elementor-3003\" data-elementor-post-type=\"page\">\n\t\t\t\t\t\t<section data-particle_enable=\"false\" data-particle-mobile-disabled=\"false\" class=\"elementor-section elementor-top-section elementor-element elementor-element-7dff3f7 elementor-section-boxed elementor-section-height-default elementor-section-height-default\" data-id=\"7dff3f7\" data-element_type=\"section\">\n\t\t\t\t\t\t<div class=\"elementor-container elementor-column-gap-default\">\n\t\t\t\t\t<div class=\"elementor-column elementor-col-100 elementor-top-column elementor-element elementor-element-eb50be5\" data-id=\"eb50be5\" data-element_type=\"column\">\n\t\t\t<div class=\"elementor-widget-wrap elementor-element-populated\">\n\t\t\t\t\t\t<div class=\"elementor-element elementor-element-b544a0e elementor-widget elementor-widget-spacer\" data-id=\"b544a0e\" data-element_type=\"widget\" data-widget_type=\"spacer.default\">\n\t\t\t\t<div class=\"elementor-widget-container\">\n\t\t\t\t\t\t\t<div class=\"elementor-spacer\">\n\t\t\t<div class=\"elementor-spacer-inner\"><\/div>\n\t\t<\/div>\n\t\t\t\t\t\t<\/div>\n\t\t\t\t<\/div>\n\t\t\t\t\t<\/div>\n\t\t<\/div>\n\t\t\t\t\t<\/div>\n\t\t<\/section>\n\t\t\t\t<section data-particle_enable=\"false\" data-particle-mobile-disabled=\"false\" class=\"elementor-section elementor-top-section elementor-element elementor-element-8a00bd6 elementor-section-boxed elementor-section-height-default elementor-section-height-default\" data-id=\"8a00bd6\" data-element_type=\"section\">\n\t\t\t\t\t\t<div class=\"elementor-container elementor-column-gap-default\">\n\t\t\t\t\t<div class=\"elementor-column elementor-col-100 elementor-top-column elementor-element elementor-element-72eedac\" data-id=\"72eedac\" data-element_type=\"column\">\n\t\t\t<div class=\"elementor-widget-wrap elementor-element-populated\">\n\t\t\t\t\t\t<div class=\"elementor-element elementor-element-c829c26 elementor-widget elementor-widget-heading\" data-id=\"c829c26\" data-element_type=\"widget\" data-widget_type=\"heading.default\">\n\t\t\t\t<div class=\"elementor-widget-container\">\n\t\t\t\t\t<h3 class=\"elementor-heading-title elementor-size-default\">Allgemeine Gesch\u00e4ftsbedigungen<\/h3>\t\t\t\t<\/div>\n\t\t\t\t<\/div>\n\t\t\t\t\t<\/div>\n\t\t<\/div>\n\t\t\t\t\t<\/div>\n\t\t<\/section>\n\t\t\t\t<section data-particle_enable=\"false\" data-particle-mobile-disabled=\"false\" class=\"elementor-section elementor-top-section elementor-element elementor-element-6c92022 elementor-section-boxed elementor-section-height-default elementor-section-height-default\" data-id=\"6c92022\" data-element_type=\"section\">\n\t\t\t\t\t\t<div class=\"elementor-container elementor-column-gap-default\">\n\t\t\t\t\t<div class=\"elementor-column elementor-col-100 elementor-top-column elementor-element elementor-element-7829acb\" data-id=\"7829acb\" data-element_type=\"column\">\n\t\t\t<div class=\"elementor-widget-wrap elementor-element-populated\">\n\t\t\t\t\t\t<div class=\"elementor-element elementor-element-b816a15 elementor-widget elementor-widget-text-editor\" data-id=\"b816a15\" data-element_type=\"widget\" data-widget_type=\"text-editor.default\">\n\t\t\t\t<div class=\"elementor-widget-container\">\n\t\t\t\t\t\t\t\t\t<p><\/p><p>Gruppen bestehen aus mindestens 6 und maximal 12 Personen.<\/p><p>Anmeldungen werden in der Reihenfolge ihrer Ankunft entgegengenommen.<\/p><h4>F\u00fcr Vollmond-Touren<\/h4><p>Anmeldeschluss ist 48 Stunden vor der Tour. Die Zahlung erfolgt im Voraus (TWINT unter +41 79 629 02 62). Keine Anmeldung wird ohne Bezahlung best\u00e4tigt.<\/p><p>Die Preise beinhalten: Geb\u00fchren und Verleih von Schneeschuhen.<\/p><h4>F\u00fcr Tagestouren<\/h4><p>Anmeldeschluss ist 48 Stunden vor dem Ausflug. Die Zahlung erfolgt am selben Tag vor Ort.<\/p><p>Die Preise beinhalten: Geb\u00fchren und gegebenenfalls Verleih von Schneeschuhen und Lawinensicherheitsausr\u00fcstung.<\/p><h4>F\u00fcr Aufenthalte (ab 2 Tagen)<\/h4><p>Die Anmeldefristen sind in den Beschreibungen der Aufenthalte angegeben. F\u00fcr die Best\u00e4tigung der Registrierung wird eine Anzahlung von 30% verlangt.<\/p><p>Die Preise beinhalten: Geb\u00fchren und gegebenenfalls Verleih von Schneeschuhen und Lawinensicherheitsausr\u00fcstung sowie Halbpension.<\/p><p>In jedem Fall liegen die anderen Dienstleistungen in der Verantwortung der Kunden. Insbesondere der Transport zum Start der Tour ist im Preis nicht inbegriffen.<\/p><p>Die Teilnehmer m\u00fcssen entsprechend ausger\u00fcstet sein. Insbesondere m\u00fcssen sie warme Kleidung und Wanderschuhe mitbringen. Man soll nicht vergessen, dass die Bedingungen in den Bergen extrem sind und dass man schnell von intensiver Sonne (Sonnenbrille, Kopfbedeckung, Sonnencreme, &#8230;) zu kalten Bedingungen (Windjacke, Vlies, Regenschutz, &#8230;) wechseln kann.<\/p><p>Die Teilnehmer werden gebeten zu \u00fcberpr\u00fcfen, ob sie ordnungsgem\u00e4\u00df gegen Unf\u00e4lle versichert sind.<\/p><p>Der Veranstalter beh\u00e4lt sich das Recht vor, die Reiseroute oder das Ziel ohne Angabe von Gr\u00fcnden zu \u00e4ndern.<\/p><p>Gerichtsstand ist Genf.<\/p>\t\t\t\t\t\t\t\t<\/div>\n\t\t\t\t<\/div>\n\t\t\t\t\t<\/div>\n\t\t<\/div>\n\t\t\t\t\t<\/div>\n\t\t<\/section>\n\t\t\t\t<\/div>\n\t\t","protected":false},"excerpt":{"rendered":"<p>Allgemeine Gesch\u00e4ftsbedigungen Gruppen bestehen aus mindestens 6 und maximal 12 Personen. Anmeldungen werden in der Reihenfolge ihrer Ankunft entgegengenommen. F\u00fcr Vollmond-Touren Anmeldeschluss ist 48 Stunden vor der Tour. Die Zahlung erfolgt im Voraus (TWINT unter +41 79 629 02 62). Keine Anmeldung wird ohne Bezahlung best\u00e4tigt. Die Preise beinhalten: Geb\u00fchren und Verleih von Schneeschuhen. F\u00fcr<br \/><a class=\"moretag\" href=\"https:\/\/staging.destination-montagne.ch\/de\/cgv\/\">+ Read More<\/a><\/p>\n","protected":false},"author":1,"featured_media":0,"parent":0,"menu_order":0,"comment_status":"closed","ping_status":"closed","template":"templates\/page-builder.php","meta":{"footnotes":"","_wp_rev_ctl_limit":""},"class_list":["post-3003","page","type-page","status-publish","hentry"],"yoast_head":"<!-- This site is optimized with the Yoast SEO plugin v26.6 - https:\/\/yoast.com\/wordpress\/plugins\/seo\/ -->\n<title>AGB - Destination Montagne<\/title>\n<meta name=\"robots\" content=\"index, follow, max-snippet:-1, max-image-preview:large, max-video-preview:-1\" \/>\n<link rel=\"canonical\" href=\"https:\/\/staging.destination-montagne.ch\/de\/cgv\/\" \/>\n<meta property=\"og:locale\" content=\"de_DE\" \/>\n<meta property=\"og:type\" content=\"article\" \/>\n<meta property=\"og:title\" content=\"AGB - Destination Montagne\" \/>\n<meta property=\"og:description\" content=\"Allgemeine Gesch\u00e4ftsbedigungen Gruppen bestehen aus mindestens 6 und maximal 12 Personen. Anmeldungen werden in der Reihenfolge ihrer Ankunft entgegengenommen. F\u00fcr Vollmond-Touren Anmeldeschluss ist 48 Stunden vor der Tour. Die Zahlung erfolgt im Voraus (TWINT unter +41 79 629 02 62). Keine Anmeldung wird ohne Bezahlung best\u00e4tigt. Die Preise beinhalten: Geb\u00fchren und Verleih von Schneeschuhen. F\u00fcr+ Read More\" \/>\n<meta property=\"og:url\" content=\"https:\/\/staging.destination-montagne.ch\/de\/cgv\/\" \/>\n<meta property=\"og:site_name\" content=\"Destination Montagne\" \/>\n<meta property=\"article:publisher\" content=\"https:\/\/www.facebook.com\/profile.php?id=100063566772661\" \/>\n<meta property=\"article:modified_time\" content=\"2021-05-01T13:13:00+00:00\" \/>\n<meta name=\"twitter:card\" content=\"summary_large_image\" \/>\n<meta name=\"twitter:label1\" content=\"Gesch\u00e4tzte Lesezeit\" \/>\n\t<meta name=\"twitter:data1\" content=\"4\u00a0Minuten\" \/>\n<script type=\"application\/ld+json\" class=\"yoast-schema-graph\">{\"@context\":\"https:\/\/schema.org\",\"@graph\":[{\"@type\":\"WebPage\",\"@id\":\"https:\/\/staging.destination-montagne.ch\/de\/cgv\/\",\"url\":\"https:\/\/staging.destination-montagne.ch\/de\/cgv\/\",\"name\":\"AGB - Destination Montagne\",\"isPartOf\":{\"@id\":\"https:\/\/staging.destination-montagne.ch\/de\/#website\"},\"datePublished\":\"2021-05-01T12:36:18+00:00\",\"dateModified\":\"2021-05-01T13:13:00+00:00\",\"breadcrumb\":{\"@id\":\"https:\/\/staging.destination-montagne.ch\/de\/cgv\/#breadcrumb\"},\"inLanguage\":\"de\",\"potentialAction\":[{\"@type\":\"ReadAction\",\"target\":[[\"https:\/\/staging.destination-montagne.ch\/de\/cgv\/\"]]}]},{\"@type\":\"BreadcrumbList\",\"@id\":\"https:\/\/staging.destination-montagne.ch\/de\/cgv\/#breadcrumb\",\"itemListElement\":[{\"@type\":\"ListItem\",\"position\":1,\"name\":\"Accueil\",\"item\":\"https:\/\/staging.destination-montagne.ch\/de\/\"},{\"@type\":\"ListItem\",\"position\":2,\"name\":\"AGB\"}]},{\"@type\":\"WebSite\",\"@id\":\"https:\/\/staging.destination-montagne.ch\/de\/#website\",\"url\":\"https:\/\/staging.destination-montagne.ch\/de\/\",\"name\":\"Destination Montagne\",\"description\":\"Destination Montagne - Un monde de randonn\u00e9e\",\"publisher\":{\"@id\":\"https:\/\/staging.destination-montagne.ch\/de\/#organization\"},\"potentialAction\":[{\"@type\":\"SearchAction\",\"target\":{\"@type\":\"EntryPoint\",\"urlTemplate\":\"https:\/\/staging.destination-montagne.ch\/de\/?s={search_term_string}\"},\"query-input\":{\"@type\":\"PropertyValueSpecification\",\"valueRequired\":true,\"valueName\":\"search_term_string\"}}],\"inLanguage\":\"de\"},{\"@type\":\"Organization\",\"@id\":\"https:\/\/staging.destination-montagne.ch\/de\/#organization\",\"name\":\"Destination Montagne\",\"url\":\"https:\/\/staging.destination-montagne.ch\/de\/\",\"logo\":{\"@type\":\"ImageObject\",\"inLanguage\":\"de\",\"@id\":\"https:\/\/staging.destination-montagne.ch\/de\/#\/schema\/logo\/image\/\",\"url\":\"http:\/\/destination-montagne.ch\/wp-content\/uploads\/2024\/06\/400JpgdpiLogo-scaled.jpg\",\"contentUrl\":\"http:\/\/destination-montagne.ch\/wp-content\/uploads\/2024\/06\/400JpgdpiLogo-scaled.jpg\",\"width\":2560,\"height\":1546,\"caption\":\"Destination Montagne\"},\"image\":{\"@id\":\"https:\/\/staging.destination-montagne.ch\/de\/#\/schema\/logo\/image\/\"},\"sameAs\":[\"https:\/\/www.facebook.com\/profile.php?id=100063566772661\"]}]}<\/script>\n<!-- \/ Yoast SEO plugin. -->","yoast_head_json":{"title":"AGB - Destination Montagne","robots":{"index":"index","follow":"follow","max-snippet":"max-snippet:-1","max-image-preview":"max-image-preview:large","max-video-preview":"max-video-preview:-1"},"canonical":"https:\/\/staging.destination-montagne.ch\/de\/cgv\/","og_locale":"de_DE","og_type":"article","og_title":"AGB - Destination Montagne","og_description":"Allgemeine Gesch\u00e4ftsbedigungen Gruppen bestehen aus mindestens 6 und maximal 12 Personen. Anmeldungen werden in der Reihenfolge ihrer Ankunft entgegengenommen. F\u00fcr Vollmond-Touren Anmeldeschluss ist 48 Stunden vor der Tour. Die Zahlung erfolgt im Voraus (TWINT unter +41 79 629 02 62). Keine Anmeldung wird ohne Bezahlung best\u00e4tigt. Die Preise beinhalten: Geb\u00fchren und Verleih von Schneeschuhen. F\u00fcr+ Read More","og_url":"https:\/\/staging.destination-montagne.ch\/de\/cgv\/","og_site_name":"Destination Montagne","article_publisher":"https:\/\/www.facebook.com\/profile.php?id=100063566772661","article_modified_time":"2021-05-01T13:13:00+00:00","twitter_card":"summary_large_image","twitter_misc":{"Gesch\u00e4tzte Lesezeit":"4\u00a0Minuten"},"schema":{"@context":"https:\/\/schema.org","@graph":[{"@type":"WebPage","@id":"https:\/\/staging.destination-montagne.ch\/de\/cgv\/","url":"https:\/\/staging.destination-montagne.ch\/de\/cgv\/","name":"AGB - Destination Montagne","isPartOf":{"@id":"https:\/\/staging.destination-montagne.ch\/de\/#website"},"datePublished":"2021-05-01T12:36:18+00:00","dateModified":"2021-05-01T13:13:00+00:00","breadcrumb":{"@id":"https:\/\/staging.destination-montagne.ch\/de\/cgv\/#breadcrumb"},"inLanguage":"de","potentialAction":[{"@type":"ReadAction","target":[["https:\/\/staging.destination-montagne.ch\/de\/cgv\/"]]}]},{"@type":"BreadcrumbList","@id":"https:\/\/staging.destination-montagne.ch\/de\/cgv\/#breadcrumb","itemListElement":[{"@type":"ListItem","position":1,"name":"Accueil","item":"https:\/\/staging.destination-montagne.ch\/de\/"},{"@type":"ListItem","position":2,"name":"AGB"}]},{"@type":"WebSite","@id":"https:\/\/staging.destination-montagne.ch\/de\/#website","url":"https:\/\/staging.destination-montagne.ch\/de\/","name":"Destination Montagne","description":"Destination Montagne - Un monde de randonn\u00e9e","publisher":{"@id":"https:\/\/staging.destination-montagne.ch\/de\/#organization"},"potentialAction":[{"@type":"SearchAction","target":{"@type":"EntryPoint","urlTemplate":"https:\/\/staging.destination-montagne.ch\/de\/?s={search_term_string}"},"query-input":{"@type":"PropertyValueSpecification","valueRequired":true,"valueName":"search_term_string"}}],"inLanguage":"de"},{"@type":"Organization","@id":"https:\/\/staging.destination-montagne.ch\/de\/#organization","name":"Destination Montagne","url":"https:\/\/staging.destination-montagne.ch\/de\/","logo":{"@type":"ImageObject","inLanguage":"de","@id":"https:\/\/staging.destination-montagne.ch\/de\/#\/schema\/logo\/image\/","url":"http:\/\/destination-montagne.ch\/wp-content\/uploads\/2024\/06\/400JpgdpiLogo-scaled.jpg","contentUrl":"http:\/\/destination-montagne.ch\/wp-content\/uploads\/2024\/06\/400JpgdpiLogo-scaled.jpg","width":2560,"height":1546,"caption":"Destination Montagne"},"image":{"@id":"https:\/\/staging.destination-montagne.ch\/de\/#\/schema\/logo\/image\/"},"sameAs":["https:\/\/www.facebook.com\/profile.php?id=100063566772661"]}]}},"_links":{"self":[{"href":"https:\/\/staging.destination-montagne.ch\/de\/wp-json\/wp\/v2\/pages\/3003","targetHints":{"allow":["GET"]}}],"collection":[{"href":"https:\/\/staging.destination-montagne.ch\/de\/wp-json\/wp\/v2\/pages"}],"about":[{"href":"https:\/\/staging.destination-montagne.ch\/de\/wp-json\/wp\/v2\/types\/page"}],"author":[{"embeddable":true,"href":"https:\/\/staging.destination-montagne.ch\/de\/wp-json\/wp\/v2\/users\/1"}],"replies":[{"embeddable":true,"href":"https:\/\/staging.destination-montagne.ch\/de\/wp-json\/wp\/v2\/comments?post=3003"}],"version-history":[{"count":0,"href":"https:\/\/staging.destination-montagne.ch\/de\/wp-json\/wp\/v2\/pages\/3003\/revisions"}],"wp:attachment":[{"href":"https:\/\/staging.destination-montagne.ch\/de\/wp-json\/wp\/v2\/media?parent=3003"}],"curies":[{"name":"wp","href":"https:\/\/api.w.org\/{rel}","templated":true}]}}